{"id":917,"date":"2015-02-10T19:22:07","date_gmt":"2015-02-10T19:22:07","guid":{"rendered":"http:\/\/avada.theme-fusion.com_demos\/architecture\/?page_id=15"},"modified":"2020-04-03T17:36:51","modified_gmt":"2020-04-03T17:36:51","slug":"contacto","status":"publish","type":"page","link":"https:\/\/iecontract.es\/web\/contacto\/","title":{"rendered":"Contacto"},"content":{"rendered":"<div class=\"fusion-fullwidth fullwidth-box fusion-builder-row-1 fusion-parallax-none nonhundred-percent-fullwidth non-hundred-percent-height-scrolling\" style=\"background-color: #ffffff;background-image: url(&quot;https:\/\/iecontract.es\/web\/wp-content\/uploads\/2017\/11\/hotel-bell-1200x738.jpg&quot;);background-position: center bottom;background-repeat: no-repeat;padding-top:150px;padding-right:0px;padding-bottom:150px;padding-left:0px;margin-bottom: 0px;margin-top: 0px;border-width: 0px 0px 0px 0px;border-color:#eae9e9;border-style:solid;-webkit-background-size:cover;-moz-background-size:cover;-o-background-size:cover;background-size:cover;\" ><div class=\"fusion-builder-row fusion-row\"><div class=\"fusion-layout-column fusion_builder_column fusion-builder-column-0 fusion_builder_column_1_1 1_1 fusion-one-full fusion-column-first fusion-column-last fusion-column-no-min-height\" style=\"margin-top:0px;margin-bottom:0px;\"><div class=\"fusion-column-wrapper fusion-flex-column-wrapper-legacy\" style=\"background-position:left top;background-repeat:no-repeat;-webkit-background-size:cover;-moz-background-size:cover;-o-background-size:cover;background-size:cover;padding: 0px 0px 0px 0px;\"><div class=\"fusion-text fusion-text-1\"><h2><span style=\"color: #ffffff;\">CONT\u00c1CTENOS<\/span><\/h2>\n<h4><span style=\"color: #ffffff;\">Cu\u00e9ntenos sobre sus ideas o proyectos. Si tiene una gran idea o necesita algo de inspiraci\u00f3n con un proyecto de construcci\u00f3n, dise\u00f1o o reforma, estamos aqu\u00ed para ayudarle. Desde el concepto y la creaci\u00f3n, estaremos acompa\u00f1\u00e1ndolo hasta el proyecto concluido, y luego&#8230; tambi\u00e9n.<\/span><\/h4>\n<\/div><div class=\"fusion-clearfix\"><\/div><\/div><\/div><div class=\"fusion-layout-column fusion_builder_column fusion-builder-column-1 fusion_builder_column_1_2 1_2 fusion-one-half fusion-column-first\" style=\"width:50%;width:calc(50% - ( ( 4% ) * 0.5 ) );margin-right: 4%;margin-top:0px;margin-bottom:20px;\"><div class=\"fusion-column-wrapper fusion-flex-column-wrapper-legacy\" style=\"background-position:left top;background-repeat:no-repeat;-webkit-background-size:cover;-moz-background-size:cover;-o-background-size:cover;background-size:cover;padding: 0px 0px 0px 0px;\"><iframe src=\"https:\/\/www.google.com\/maps\/embed?pb=!1m18!1m12!1m3!1d3036.6433153096086!2d-3.3570423842762547!3d40.438896362214344!2m3!1f0!2f0!3f0!3m2!1i1024!2i768!4f13.1!3m3!1m2!1s0xd4248bea71ea3ad%3A0x9915f31048e40543!2sCalle+Cobre%2C+4%2C+28810+Villalbilla%2C+Madrid!5e0!3m2!1ses!2ses!4v1512065027668\" width=\"100%\" height=\"350\" frameborder=\"0\" style=\"border:0\" allowfullscreen><\/iframe><div class=\"fusion-clearfix\"><\/div><\/div><\/div><div class=\"fusion-layout-column fusion_builder_column fusion-builder-column-2 fusion_builder_column_1_2 1_2 fusion-one-half fusion-column-last\" style=\"width:50%;width:calc(50% - ( ( 4% ) * 0.5 ) );margin-top:0px;margin-bottom:20px;\"><div class=\"fusion-column-wrapper fusion-flex-column-wrapper-legacy\" style=\"background-position:left top;background-repeat:no-repeat;-webkit-background-size:cover;-moz-background-size:cover;-o-background-size:cover;background-size:cover;padding: 0px 0px 0px 0px;\"><div class=\"fusion-text fusion-text-2\"><h3><span style=\"color: #ebebeb;\">i<span style=\"color: #ff0000;\">e<\/span> contract<\/span><\/h3>\n<p><span style=\"color: #ffffff;\"> Metalister\u00eda y oficinas centrales:<\/span><br \/>\n<span style=\"color: #ffffff;\"> Calle Cobre 4, Nave 18<\/span><br \/>\n<span style=\"color: #ffffff;\"> 28810 | Los Hueros, Villalbilla, Madrid<\/span><br \/>\n<span style=\"color: #ffffff;\"> Tel. +34 622.693.242<\/span><br \/>\n<span style=\"color: #ffffff;\"> Tel. +34 919.072.482<\/span><br \/>\n<span style=\"color: #ffffff;\"> Email: <a style=\"color: #ffffff;\" href=\"mailto:info@iecontract.es\">fjimenez@iecontract.es<\/a><\/span><br \/>\n<span style=\"color: #ffffff;\"> Web: <a style=\"color: #ffffff;\" href=\"http:\/\/iecontract.es\/\">iecontract.es<\/a><\/span><\/p>\n<p><span style=\"color: #ffffff;\"> Carpinter\u00eda:<\/span><br \/>\n<span style=\"color: #ffffff;\"> Camino Real, 11<\/span><br \/>\n<span style=\"color: #ffffff;\"> 28810 | Los Hueros, Villalbilla, Madrid<\/span><br \/>\n<span style=\"color: #ffffff;\"> Tel. +34 919.072.482<\/span><br \/>\n<span style=\"color: #ffffff;\"> Email: <a style=\"color: #ffffff;\" href=\"mailto:info@iecontract.es\">fjimenez@iecontract.es<\/a><\/span><\/p>\n<\/div><div class=\"fusion-clearfix\"><\/div><\/div><\/div><\/div><\/div>\n","protected":false},"excerpt":{"rendered":"","protected":false},"author":1,"featured_media":0,"parent":0,"menu_order":0,"comment_status":"closed","ping_status":"open","template":"100-width.php","meta":[],"_links":{"self":[{"href":"https:\/\/iecontract.es\/web\/wp-json\/wp\/v2\/pages\/917"}],"collection":[{"href":"https:\/\/iecontract.es\/web\/wp-json\/wp\/v2\/pages"}],"about":[{"href":"https:\/\/iecontract.es\/web\/wp-json\/wp\/v2\/types\/page"}],"author":[{"embeddable":true,"href":"https:\/\/iecontract.es\/web\/wp-json\/wp\/v2\/users\/1"}],"replies":[{"embeddable":true,"href":"https:\/\/iecontract.es\/web\/wp-json\/wp\/v2\/comments?post=917"}],"version-history":[{"count":49,"href":"https:\/\/iecontract.es\/web\/wp-json\/wp\/v2\/pages\/917\/revisions"}],"predecessor-version":[{"id":1948,"href":"https:\/\/iecontract.es\/web\/wp-json\/wp\/v2\/pages\/917\/revisions\/1948"}],"wp:attachment":[{"href":"https:\/\/iecontract.es\/web\/wp-json\/wp\/v2\/media?parent=917"}],"curies":[{"name":"wp","href":"https:\/\/api.w.org\/{rel}","templated":true}]}}