{"id":911,"date":"2015-02-10T19:21:19","date_gmt":"2015-02-10T19:21:19","guid":{"rendered":"http:\/\/avada.theme-fusion.com_demos\/architecture\/?page_id=9"},"modified":"2020-04-06T11:35:34","modified_gmt":"2020-04-06T11:35:34","slug":"sobre-nosotros","status":"publish","type":"page","link":"https:\/\/iecontract.es\/web\/sobre-nosotros\/","title":{"rendered":"Sobre Nosotros"},"content":{"rendered":"<p><div class=\"fusion-fullwidth fullwidth-box fusion-builder-row-1 nonhundred-percent-fullwidth non-hundred-percent-height-scrolling\" style=\"background-color: #ffffff;background-position: left top;background-repeat: no-repeat;padding-top:100px;padding-right:0px;padding-bottom:10px;padding-left:0px;margin-bottom: 0px;margin-top: 0px;border-width: 0px 0px 0px 0px;border-color:#eae9e9;border-style:solid;\" ><div class=\"fusion-builder-row fusion-row\"><div class=\"fusion-layout-column fusion_builder_column fusion-builder-column-0 fusion_builder_column_1_2 1_2 fusion-one-half fusion-column-first\" style=\"width:48%; margin-right: 4%;margin-top:0px;margin-bottom:20px;\"><div class=\"fusion-column-wrapper fusion-flex-column-wrapper-legacy\" style=\"background-position:left top;background-repeat:no-repeat;-webkit-background-size:cover;-moz-background-size:cover;-o-background-size:cover;background-size:cover;padding: 0px 0px 0px 0px;\"><div class=\"fusion-text fusion-text-1\"><h2>ASISTENCIA PERSONALIZADA<\/h2>\n<\/div><div class=\"fusion-sep-clear\"><\/div><div class=\"fusion-separator fusion-clearfix\" style=\"float:left;margin-top:0px;margin-bottom:35px;width:100%;max-width:170px;\"><div class=\"fusion-separator-border sep-single sep-solid\" style=\"border-color:#e2e3e8;border-top-width:3px;\"><\/div><\/div><div class=\"fusion-sep-clear\"><\/div><div class=\"fusion-text fusion-text-2\"><h4>Nacemos de la uni\u00f3n de fabricantes, distribuidores y comerciales del sector Contract, pero con el sentimiento com\u00fan de que hoy en d\u00eda, debe de producirse un cambio y racionalizar el concepto de empresa de equipamientos que existe actualmente en el sector.<\/h4>\n<h4>Somos fabricantes directos, con capacidad de desarrollar pr\u00e1cticamente cualquier tipo de proyecto sin reparar en la dificultad t\u00e9cnica de realizarlo, y en tiempos de fabricaci\u00f3n como pocas empresas puedan tener en este sector. Todos nuestros productos se realizan dentro de la Comunidad Europea.<\/h4>\n<\/div><div class=\"fusion-clearfix\"><\/div><\/div><\/div><div class=\"fusion-layout-column fusion_builder_column fusion-builder-column-1 fusion_builder_column_1_2 1_2 fusion-one-half fusion-column-last\" style=\"width:48%;margin-top:0px;margin-bottom:20px;\"><div class=\"fusion-column-wrapper fusion-flex-column-wrapper-legacy\" style=\"background-position:left top;background-repeat:no-repeat;-webkit-background-size:cover;-moz-background-size:cover;-o-background-size:cover;background-size:cover;padding: 0px 0px 0px 0px;\"><span class=\" fusion-imageframe imageframe-none imageframe-1 hover-type-zoomin fusion-animated\" data-animationType=\"fadeInDown\" data-animationDuration=\"1.0\" data-animationOffset=\"100%\"><a href=\"https:\/\/iecontract.es\/web\/wp-content\/uploads\/2017\/11\/sobre-nosotros.jpg\" class=\"fusion-lightbox\" data-rel=\"iLightbox[9de79e8f0e2f6f62033]\" data-title=\"Sobre nosotros &#8211; &#8211; ie contract\" title=\"Sobre nosotros &#8211; &#8211; ie contract\"><img width=\"1021\" image_height=\"668\" image_id=\"1133\" alt=\"Sobre nosotros\" src=\"https:\/\/iecontract.es\/web\/wp-content\/uploads\/2017\/11\/sobre-nosotros.jpg\" class=\"img-responsive wp-image-1133\" srcset=\"https:\/\/iecontract.es\/web\/wp-content\/uploads\/2017\/11\/sobre-nosotros-200x131.jpg 200w, https:\/\/iecontract.es\/web\/wp-content\/uploads\/2017\/11\/sobre-nosotros-400x262.jpg 400w, https:\/\/iecontract.es\/web\/wp-content\/uploads\/2017\/11\/sobre-nosotros-600x393.jpg 600w, https:\/\/iecontract.es\/web\/wp-content\/uploads\/2017\/11\/sobre-nosotros-800x523.jpg 800w, https:\/\/iecontract.es\/web\/wp-content\/uploads\/2017\/11\/sobre-nosotros.jpg 1021w\" sizes=\"(max-width: 800px) 100vw, 600px\" \/><\/a><\/span><div class=\"fusion-sep-clear\"><\/div><div class=\"fusion-separator fusion-full-width-sep\" style=\"margin-left: auto;margin-right: auto;margin-top:40px;width:100%;\"><\/div><div class=\"fusion-sep-clear\"><\/div><div class=\"fusion-clearfix\"><\/div><\/div><\/div><\/div><\/div><div class=\"fusion-fullwidth fullwidth-box fusion-builder-row-2 nonhundred-percent-fullwidth non-hundred-percent-height-scrolling\" style=\"background-color: #ffffff;background-position: left top;background-repeat: no-repeat;padding-top:150px;padding-right:0px;padding-bottom:30px;padding-left:0px;margin-bottom: 0px;margin-top: 0px;border-width: 0px 0px 0px 0px;border-color:#eae9e9;border-style:solid;\" ><div class=\"fusion-builder-row fusion-row\"><div class=\"fusion-layout-column fusion_builder_column fusion-builder-column-2 fusion_builder_column_1_3 1_3 fusion-one-third fusion-column-first fusion-column-inner-bg-wrapper\" style=\"width:30.6666%; margin-right: 4%;margin-top:0px;margin-bottom:0px;\"><div class=\"fusion-column-wrapper fusion-flex-column-wrapper-legacy\" style=\"border-right:2px solid #e0dede;padding: 0px 10px 0px 0px;\"><div class=\"fusion-text fusion-text-3\"><h2><strong>\u00bfPor qu\u00e9 elegir IE Contract?<\/strong><\/h2>\n<\/div><div class=\"imageframe-align-center\"><span class=\" fusion-imageframe imageframe-none imageframe-2 hover-type-none\"><img width=\"600\" image_height=\"600\" image_id=\"976\" title=\"logo-lapiz\" src=\"https:\/\/iecontract.es\/web\/wp-content\/uploads\/2017\/11\/logo-lapiz.png\" class=\"img-responsive wp-image-976\" srcset=\"https:\/\/iecontract.es\/web\/wp-content\/uploads\/2017\/11\/logo-lapiz-200x200.png 200w, https:\/\/iecontract.es\/web\/wp-content\/uploads\/2017\/11\/logo-lapiz-400x400.png 400w, https:\/\/iecontract.es\/web\/wp-content\/uploads\/2017\/11\/logo-lapiz.png 600w\" sizes=\"(max-width: 800px) 100vw, 400px\" \/><\/span><\/div><div class=\"fusion-clearfix\"><\/div><\/div><span class=\"fusion-column-inner-bg hover-type-zoomin\"><a class=\"fusion-column-anchor\"><span class=\"fusion-column-inner-bg-image\" style=\"background-position:right center;background-repeat:no-repeat;-webkit-background-size:cover;-moz-background-size:cover;-o-background-size:cover;background-size:cover;\"><\/span><\/a><\/span><\/div><div class=\"fusion-layout-column fusion_builder_column fusion-builder-column-3 fusion_builder_column_1_2 1_2 fusion-one-half\" style=\"width:48%; margin-right: 4%;margin-top:0px;margin-bottom:100px;\"><div class=\"fusion-column-wrapper fusion-flex-column-wrapper-legacy\" style=\"background-position:left top;background-repeat:no-repeat;-webkit-background-size:cover;-moz-background-size:cover;-o-background-size:cover;background-size:cover;padding: 0px 0px 0px 0px;\"><div class=\"fusion-text fusion-text-4\"><h4>Somos INNOVACION Y EQUIPAMIENTO, porque Innovamos con nuestro nuevo concepto de empresa de equipamientos y porque siempre pensamos que hay cosas nuevas por descubrir y fabricar .<\/h4>\n<h4>Consideramos que somos la primera empresa con estas caracter\u00edsticas dentro del sector y con una ampl\u00edsima especializaci\u00f3n dentro del mismo. Innovamos bas\u00e1ndonos en la experiencia de m\u00e1s de 15 a\u00f1os de nuestros fundadores y con un ADN basado en el compromiso de captar y entender las necesidades del cliente. Cubri\u00e9ndolas desde las industrias asociadas o las propias y con la premisa de restar intermediarios consiguiendo abaratar costes.<\/h4>\n<h4>Actuando como fabricantes de primera l\u00ednea,\u00a0 con unos gastos de estructura diluidos y repartidos entre nuestras distintas industrias y fabricantes, nuestra prioridad no es aumentar los beneficios industriales sino aumentar el grado de satisfacci\u00f3n del cliente. Ofreci\u00e9ndole un equipamiento de primer\u00edsimo nivel con un resultado de funcionalidad excelente y a unos precios adecuados.<\/h4>\n<h4>Acompa\u00f1amos a nuestros clientes desde el principio, porque les asesoramos en su proyecto y seg\u00fan sus necesidades les ofrecemos la mejor relaci\u00f3n calidad-precio del mercado.<\/h4>\n<\/div><div class=\"fusion-clearfix\"><\/div><\/div><\/div><\/div><\/div><div class=\"fusion-bg-parallax\" data-bg-align=\"left top\" data-direction=\"up\" data-mute=\"false\" data-opacity=\"100\" data-velocity=\"-0.3\" data-mobile-enabled=\"false\" data-break_parents=\"0\" data-bg-image=\"https:\/\/iecontract.es\/web\/wp-content\/uploads\/2015\/05\/st-lucia.jpg\" data-bg-repeat=\"false\" data-bg-color=\"#ffffff\" ><\/div><div class=\"fusion-fullwidth fullwidth-box fusion-builder-row-3 fusion-parallax-up nonhundred-percent-fullwidth non-hundred-percent-height-scrolling\" style=\"background-color: #ffffff;background-image: url(&quot;https:\/\/iecontract.es\/web\/wp-content\/uploads\/2015\/05\/st-lucia.jpg&quot;);background-position: left top;background-repeat: no-repeat;padding-top:150px;padding-right:0px;padding-bottom:150px;padding-left:0px;margin-bottom: 0px;margin-top: 0px;border-width: 0px 0px 0px 0px;border-color:#eae9e9;border-style:solid;-webkit-background-size:cover;-moz-background-size:cover;-o-background-size:cover;background-size:cover;\" ><div class=\"fusion-builder-row fusion-row\"><div class=\"fusion-layout-column fusion_builder_column fusion-builder-column-4 fusion_builder_column_1_1 1_1 fusion-one-full fusion-column-first fusion-column-last fusion-column-no-min-height\" style=\"margin-top:0px;margin-bottom:0px;\"><div class=\"fusion-column-wrapper fusion-flex-column-wrapper-legacy\" style=\"background-position:left top;background-repeat:no-repeat;-webkit-background-size:cover;-moz-background-size:cover;-o-background-size:cover;background-size:cover;padding: 0px 0px 0px 0px;\"><div class=\"fusion-text fusion-text-5\"><h2><span style=\"color: #ffffff;\">\u00bfC\u00f3mo surge IE Contract?<\/span><\/h2>\n<h3><span style=\"color: #ffffff;\">Nuestra empresa nace de una necesidad real del mercado. La resoluci\u00f3n de cualquier proyecto va mucho m\u00e1s all\u00e1 de localizar y vender un elemento decorativo o muebles. Los clientes buscan fabricantes directos con la capacidad de interpretaci\u00f3n de las necesidades particulares de cada proyecto, aportando soluciones funcionales para el mismo. Profesionales que conozcan los diferentes materiales y posibilidades de los mismos para sus diferentes aplicaciones en beneficio de la particularidad del proyecto. Capaces de ofrecer un servicio integral (con todo lo que ello conlleva ) y con la seriedad para el compromiso del cumplimiento de un consensuado planning de trabajo.<\/span><\/h3>\n<\/div><div class=\"fusion-clearfix\"><\/div><\/div><\/div><\/div><\/div><\/p>\n","protected":false},"excerpt":{"rendered":"","protected":false},"author":1,"featured_media":0,"parent":0,"menu_order":0,"comment_status":"closed","ping_status":"open","template":"100-width.php","meta":[],"_links":{"self":[{"href":"https:\/\/iecontract.es\/web\/wp-json\/wp\/v2\/pages\/911"}],"collection":[{"href":"https:\/\/iecontract.es\/web\/wp-json\/wp\/v2\/pages"}],"about":[{"href":"https:\/\/iecontract.es\/web\/wp-json\/wp\/v2\/types\/page"}],"author":[{"embeddable":true,"href":"https:\/\/iecontract.es\/web\/wp-json\/wp\/v2\/users\/1"}],"replies":[{"embeddable":true,"href":"https:\/\/iecontract.es\/web\/wp-json\/wp\/v2\/comments?post=911"}],"version-history":[{"count":32,"href":"https:\/\/iecontract.es\/web\/wp-json\/wp\/v2\/pages\/911\/revisions"}],"predecessor-version":[{"id":1953,"href":"https:\/\/iecontract.es\/web\/wp-json\/wp\/v2\/pages\/911\/revisions\/1953"}],"wp:attachment":[{"href":"https:\/\/iecontract.es\/web\/wp-json\/wp\/v2\/media?parent=911"}],"curies":[{"name":"wp","href":"https:\/\/api.w.org\/{rel}","templated":true}]}}