{"id":1725,"date":"2020-03-27T11:52:22","date_gmt":"2020-03-27T11:52:22","guid":{"rendered":"https:\/\/iecontract.es\/web\/?page_id=1725"},"modified":"2020-03-31T19:29:58","modified_gmt":"2020-03-31T19:29:58","slug":"esculturas","status":"publish","type":"page","link":"https:\/\/iecontract.es\/web\/esculturas\/","title":{"rendered":"Esculturas"},"content":{"rendered":"<div class=\"fusion-fullwidth fullwidth-box fusion-builder-row-1 nonhundred-percent-fullwidth non-hundred-percent-height-scrolling\" style=\"background-color: #ffffff;background-position: left top;background-repeat: no-repeat;padding-top:150px;padding-right:0px;padding-bottom:150px;padding-left:0px;margin-bottom: 0px;margin-top: 0px;border-width: 0px 0px 0px 0px;border-color:#eae9e9;border-style:solid;\" ><div class=\"fusion-builder-row fusion-row\"><div class=\"fusion-layout-column fusion_builder_column fusion-builder-column-0 fusion_builder_column_1_1 1_1 fusion-one-full fusion-column-first fusion-column-last fusion-column-no-min-height\" style=\"margin-top:0px;margin-bottom:0px;\"><div class=\"fusion-column-wrapper fusion-flex-column-wrapper-legacy\" style=\"background-position:left top;background-repeat:no-repeat;-webkit-background-size:cover;-moz-background-size:cover;-o-background-size:cover;background-size:cover;padding: 0px 0px 0px 0px;\"><div class=\"fusion-text fusion-text-1\"><p>Bajo el acuerdo marco de colaboraci\u00f3n con el prestigioso escultor, <em>Antonio Soler<\/em>, hemos desarrollado con gran \u00e9xito una nueva l\u00ednea de esculturas, tematizaci\u00f3n\u00a0 y personalizaci\u00f3n en cualquier material: piedra, metal, madera, poliesp\u00e1n&#8230; Cualquier material.<\/p>\n<p><em>Antonio Soler<\/em>, prestigioso escultor internacional con trabajos realizados, entre otros, para escenograf\u00edas de pel\u00edculas hechas en Holywood, coincide con nosotros en que en la personalizaci\u00f3n y diferenciaci\u00f3n est\u00e1 la clave del \u00e9xito. Por ello, cierra el acuerdo marco con IE contract para comercializar sus trabajos y servicios dirigidos al sector contract a trav\u00e9s de nuestra empresa.<\/p>\n<\/div><style type=\"text\/css\">.fusion-gallery-1 .fusion-gallery-image {border:0px solid #e2e2e2;}<\/style><div class=\"fusion-gallery fusion-gallery-container fusion-grid-3 fusion-columns-total-12 fusion-gallery-layout-grid fusion-gallery-1\" style=\"margin:-5px;\"><div style=\"padding:5px;\" class=\"fusion-grid-column fusion-gallery-column fusion-gallery-column-3 hover-type-none\"><div class=\"fusion-gallery-image\"><a href=\"https:\/\/iecontract.es\/web\/wp-content\/uploads\/2020\/03\/untitled.png\" rel=\"noreferrer\" data-rel=\"iLightbox[gallery_image_1]\" class=\"fusion-lightbox\"><img src=\"https:\/\/iecontract.es\/web\/wp-content\/uploads\/2020\/03\/untitled.png\" width=\"540\" height=\"960\" alt=\"\" title=\"untitled\" aria-label=\"untitled\" class=\"img-responsive wp-image-1736\" srcset=\"https:\/\/iecontract.es\/web\/wp-content\/uploads\/2020\/03\/untitled-200x356.png 200w, https:\/\/iecontract.es\/web\/wp-content\/uploads\/2020\/03\/untitled-400x711.png 400w, https:\/\/iecontract.es\/web\/wp-content\/uploads\/2020\/03\/untitled.png 540w\" sizes=\"(min-width: 2200px) 100vw, (min-width: 824px) 387px, (min-width: 732px) 580px, (min-width: 640px) 732px, \" \/><\/a><\/div><\/div><div style=\"padding:5px;\" class=\"fusion-grid-column fusion-gallery-column fusion-gallery-column-3 hover-type-none\"><div class=\"fusion-gallery-image\"><a href=\"https:\/\/iecontract.es\/web\/wp-content\/uploads\/2020\/03\/untitled2.png\" rel=\"noreferrer\" data-rel=\"iLightbox[gallery_image_1]\" class=\"fusion-lightbox\"><img src=\"https:\/\/iecontract.es\/web\/wp-content\/uploads\/2020\/03\/untitled2.png\" width=\"525\" height=\"700\" alt=\"\" title=\"untitled2\" aria-label=\"untitled2\" class=\"img-responsive wp-image-1737\" srcset=\"https:\/\/iecontract.es\/web\/wp-content\/uploads\/2020\/03\/untitled2-200x267.png 200w, https:\/\/iecontract.es\/web\/wp-content\/uploads\/2020\/03\/untitled2-400x533.png 400w, https:\/\/iecontract.es\/web\/wp-content\/uploads\/2020\/03\/untitled2.png 525w\" sizes=\"(min-width: 2200px) 100vw, (min-width: 824px) 387px, (min-width: 732px) 580px, (min-width: 640px) 732px, \" \/><\/a><\/div><\/div><div style=\"padding:5px;\" class=\"fusion-grid-column fusion-gallery-column fusion-gallery-column-3 hover-type-none\"><div class=\"fusion-gallery-image\"><a href=\"https:\/\/iecontract.es\/web\/wp-content\/uploads\/2020\/03\/untitled3.png\" rel=\"noreferrer\" data-rel=\"iLightbox[gallery_image_1]\" class=\"fusion-lightbox\"><img src=\"https:\/\/iecontract.es\/web\/wp-content\/uploads\/2020\/03\/untitled3.png\" width=\"842\" height=\"1034\" alt=\"\" title=\"untitled3\" aria-label=\"untitled3\" class=\"img-responsive wp-image-1738\" srcset=\"https:\/\/iecontract.es\/web\/wp-content\/uploads\/2020\/03\/untitled3-200x246.png 200w, https:\/\/iecontract.es\/web\/wp-content\/uploads\/2020\/03\/untitled3-400x491.png 400w, https:\/\/iecontract.es\/web\/wp-content\/uploads\/2020\/03\/untitled3-600x737.png 600w, https:\/\/iecontract.es\/web\/wp-content\/uploads\/2020\/03\/untitled3-800x982.png 800w, https:\/\/iecontract.es\/web\/wp-content\/uploads\/2020\/03\/untitled3.png 842w\" sizes=\"(min-width: 2200px) 100vw, (min-width: 824px) 387px, (min-width: 732px) 580px, (min-width: 640px) 732px, \" \/><\/a><\/div><\/div><div class=\"clearfix\"><\/div><div style=\"padding:5px;\" class=\"fusion-grid-column fusion-gallery-column fusion-gallery-column-3 hover-type-none\"><div class=\"fusion-gallery-image\"><a href=\"https:\/\/iecontract.es\/web\/wp-content\/uploads\/2020\/03\/untitled4.png\" rel=\"noreferrer\" data-rel=\"iLightbox[gallery_image_1]\" class=\"fusion-lightbox\"><img src=\"https:\/\/iecontract.es\/web\/wp-content\/uploads\/2020\/03\/untitled4.png\" width=\"300\" height=\"358\" alt=\"\" title=\"untitled4\" aria-label=\"untitled4\" class=\"img-responsive wp-image-1739\" srcset=\"https:\/\/iecontract.es\/web\/wp-content\/uploads\/2020\/03\/untitled4-200x239.png 200w, https:\/\/iecontract.es\/web\/wp-content\/uploads\/2020\/03\/untitled4.png 300w\" sizes=\"(min-width: 2200px) 100vw, (min-width: 824px) 387px, (min-width: 732px) 580px, (min-width: 640px) 732px, \" \/><\/a><\/div><\/div><div style=\"padding:5px;\" class=\"fusion-grid-column fusion-gallery-column fusion-gallery-column-3 hover-type-none\"><div class=\"fusion-gallery-image\"><a href=\"https:\/\/iecontract.es\/web\/wp-content\/uploads\/2020\/03\/untitled5.png\" rel=\"noreferrer\" data-rel=\"iLightbox[gallery_image_1]\" class=\"fusion-lightbox\"><img src=\"https:\/\/iecontract.es\/web\/wp-content\/uploads\/2020\/03\/untitled5.png\" width=\"1920\" height=\"1440\" alt=\"\" title=\"untitled5\" aria-label=\"untitled5\" class=\"img-responsive wp-image-1740\" srcset=\"https:\/\/iecontract.es\/web\/wp-content\/uploads\/2020\/03\/untitled5-200x150.png 200w, https:\/\/iecontract.es\/web\/wp-content\/uploads\/2020\/03\/untitled5-400x300.png 400w, https:\/\/iecontract.es\/web\/wp-content\/uploads\/2020\/03\/untitled5-600x450.png 600w, https:\/\/iecontract.es\/web\/wp-content\/uploads\/2020\/03\/untitled5-800x600.png 800w, https:\/\/iecontract.es\/web\/wp-content\/uploads\/2020\/03\/untitled5-1200x900.png 1200w, https:\/\/iecontract.es\/web\/wp-content\/uploads\/2020\/03\/untitled5.png 1920w\" sizes=\"(min-width: 2200px) 100vw, (min-width: 824px) 387px, (min-width: 732px) 580px, (min-width: 640px) 732px, \" \/><\/a><\/div><\/div><div style=\"padding:5px;\" class=\"fusion-grid-column fusion-gallery-column fusion-gallery-column-3 hover-type-none\"><div class=\"fusion-gallery-image\"><a href=\"https:\/\/iecontract.es\/web\/wp-content\/uploads\/2020\/03\/untitled6.png\" rel=\"noreferrer\" data-rel=\"iLightbox[gallery_image_1]\" class=\"fusion-lightbox\"><img src=\"https:\/\/iecontract.es\/web\/wp-content\/uploads\/2020\/03\/untitled6.png\" width=\"1536\" height=\"2048\" alt=\"\" title=\"untitled6\" aria-label=\"untitled6\" class=\"img-responsive wp-image-1741\" \/><\/a><\/div><\/div><div class=\"clearfix\"><\/div><div style=\"padding:5px;\" class=\"fusion-grid-column fusion-gallery-column fusion-gallery-column-3 hover-type-none\"><div class=\"fusion-gallery-image\"><a href=\"https:\/\/iecontract.es\/web\/wp-content\/uploads\/2020\/03\/WhatsApp-Image-2020-03-09-at-22.46.29.jpeg\" rel=\"noreferrer\" data-rel=\"iLightbox[gallery_image_1]\" class=\"fusion-lightbox\"><img src=\"https:\/\/iecontract.es\/web\/wp-content\/uploads\/2020\/03\/WhatsApp-Image-2020-03-09-at-22.46.29.jpeg\" width=\"2048\" height=\"945\" alt=\"\" title=\"WhatsApp Image 2020-03-09 at 22.46.29\" aria-label=\"WhatsApp Image 2020-03-09 at 22.46.29\" class=\"img-responsive wp-image-1742\" srcset=\"https:\/\/iecontract.es\/web\/wp-content\/uploads\/2020\/03\/WhatsApp-Image-2020-03-09-at-22.46.29-200x92.jpeg 200w, https:\/\/iecontract.es\/web\/wp-content\/uploads\/2020\/03\/WhatsApp-Image-2020-03-09-at-22.46.29-400x185.jpeg 400w, https:\/\/iecontract.es\/web\/wp-content\/uploads\/2020\/03\/WhatsApp-Image-2020-03-09-at-22.46.29-600x277.jpeg 600w, https:\/\/iecontract.es\/web\/wp-content\/uploads\/2020\/03\/WhatsApp-Image-2020-03-09-at-22.46.29-800x369.jpeg 800w, https:\/\/iecontract.es\/web\/wp-content\/uploads\/2020\/03\/WhatsApp-Image-2020-03-09-at-22.46.29-1200x554.jpeg 1200w, https:\/\/iecontract.es\/web\/wp-content\/uploads\/2020\/03\/WhatsApp-Image-2020-03-09-at-22.46.29.jpeg 2048w\" sizes=\"(min-width: 2200px) 100vw, (min-width: 824px) 387px, (min-width: 732px) 580px, (min-width: 640px) 732px, \" \/><\/a><\/div><\/div><div style=\"padding:5px;\" class=\"fusion-grid-column fusion-gallery-column fusion-gallery-column-3 hover-type-none\"><div class=\"fusion-gallery-image\"><a href=\"https:\/\/iecontract.es\/web\/wp-content\/uploads\/2020\/03\/WhatsApp-Image-2020-03-09-at-22.50.47.jpeg\" rel=\"noreferrer\" data-rel=\"iLightbox[gallery_image_1]\" class=\"fusion-lightbox\"><img src=\"https:\/\/iecontract.es\/web\/wp-content\/uploads\/2020\/03\/WhatsApp-Image-2020-03-09-at-22.50.47.jpeg\" width=\"1920\" height=\"1440\" alt=\"\" title=\"WhatsApp Image 2020-03-09 at 22.50.47\" aria-label=\"WhatsApp Image 2020-03-09 at 22.50.47\" class=\"img-responsive wp-image-1743\" srcset=\"https:\/\/iecontract.es\/web\/wp-content\/uploads\/2020\/03\/WhatsApp-Image-2020-03-09-at-22.50.47-200x150.jpeg 200w, https:\/\/iecontract.es\/web\/wp-content\/uploads\/2020\/03\/WhatsApp-Image-2020-03-09-at-22.50.47-400x300.jpeg 400w, https:\/\/iecontract.es\/web\/wp-content\/uploads\/2020\/03\/WhatsApp-Image-2020-03-09-at-22.50.47-600x450.jpeg 600w, https:\/\/iecontract.es\/web\/wp-content\/uploads\/2020\/03\/WhatsApp-Image-2020-03-09-at-22.50.47-800x600.jpeg 800w, https:\/\/iecontract.es\/web\/wp-content\/uploads\/2020\/03\/WhatsApp-Image-2020-03-09-at-22.50.47-1200x900.jpeg 1200w, https:\/\/iecontract.es\/web\/wp-content\/uploads\/2020\/03\/WhatsApp-Image-2020-03-09-at-22.50.47.jpeg 1920w\" sizes=\"(min-width: 2200px) 100vw, (min-width: 824px) 387px, (min-width: 732px) 580px, (min-width: 640px) 732px, \" \/><\/a><\/div><\/div><div style=\"padding:5px;\" class=\"fusion-grid-column fusion-gallery-column fusion-gallery-column-3 hover-type-none\"><div class=\"fusion-gallery-image\"><a href=\"https:\/\/iecontract.es\/web\/wp-content\/uploads\/2020\/03\/WhatsApp-Image-2020-03-09-at-22.50.455.jpeg\" rel=\"noreferrer\" data-rel=\"iLightbox[gallery_image_1]\" class=\"fusion-lightbox\"><img src=\"https:\/\/iecontract.es\/web\/wp-content\/uploads\/2020\/03\/WhatsApp-Image-2020-03-09-at-22.50.455.jpeg\" width=\"1920\" height=\"1440\" alt=\"\" title=\"WhatsApp Image 2020-03-09 at 22.50.455\" aria-label=\"WhatsApp Image 2020-03-09 at 22.50.455\" class=\"img-responsive wp-image-1744\" srcset=\"https:\/\/iecontract.es\/web\/wp-content\/uploads\/2020\/03\/WhatsApp-Image-2020-03-09-at-22.50.455-200x150.jpeg 200w, https:\/\/iecontract.es\/web\/wp-content\/uploads\/2020\/03\/WhatsApp-Image-2020-03-09-at-22.50.455-400x300.jpeg 400w, https:\/\/iecontract.es\/web\/wp-content\/uploads\/2020\/03\/WhatsApp-Image-2020-03-09-at-22.50.455-600x450.jpeg 600w, https:\/\/iecontract.es\/web\/wp-content\/uploads\/2020\/03\/WhatsApp-Image-2020-03-09-at-22.50.455-800x600.jpeg 800w, https:\/\/iecontract.es\/web\/wp-content\/uploads\/2020\/03\/WhatsApp-Image-2020-03-09-at-22.50.455-1200x900.jpeg 1200w, https:\/\/iecontract.es\/web\/wp-content\/uploads\/2020\/03\/WhatsApp-Image-2020-03-09-at-22.50.455.jpeg 1920w\" sizes=\"(min-width: 2200px) 100vw, (min-width: 824px) 387px, (min-width: 732px) 580px, (min-width: 640px) 732px, \" \/><\/a><\/div><\/div><div class=\"clearfix\"><\/div><div style=\"padding:5px;\" class=\"fusion-grid-column fusion-gallery-column fusion-gallery-column-3 hover-type-none\"><div class=\"fusion-gallery-image\"><a href=\"https:\/\/iecontract.es\/web\/wp-content\/uploads\/2020\/03\/WhatsApp-Image-2020-03-09-at-22.50.464.jpeg\" rel=\"noreferrer\" data-rel=\"iLightbox[gallery_image_1]\" class=\"fusion-lightbox\"><img src=\"https:\/\/iecontract.es\/web\/wp-content\/uploads\/2020\/03\/WhatsApp-Image-2020-03-09-at-22.50.464.jpeg\" width=\"1536\" height=\"2048\" alt=\"\" title=\"WhatsApp Image 2020-03-09 at 22.50.464\" aria-label=\"WhatsApp Image 2020-03-09 at 22.50.464\" class=\"img-responsive wp-image-1745\" srcset=\"https:\/\/iecontract.es\/web\/wp-content\/uploads\/2020\/03\/WhatsApp-Image-2020-03-09-at-22.50.464-200x267.jpeg 200w, https:\/\/iecontract.es\/web\/wp-content\/uploads\/2020\/03\/WhatsApp-Image-2020-03-09-at-22.50.464-400x533.jpeg 400w, https:\/\/iecontract.es\/web\/wp-content\/uploads\/2020\/03\/WhatsApp-Image-2020-03-09-at-22.50.464-600x800.jpeg 600w, https:\/\/iecontract.es\/web\/wp-content\/uploads\/2020\/03\/WhatsApp-Image-2020-03-09-at-22.50.464-800x1067.jpeg 800w, https:\/\/iecontract.es\/web\/wp-content\/uploads\/2020\/03\/WhatsApp-Image-2020-03-09-at-22.50.464-1200x1600.jpeg 1200w, https:\/\/iecontract.es\/web\/wp-content\/uploads\/2020\/03\/WhatsApp-Image-2020-03-09-at-22.50.464.jpeg 1536w\" sizes=\"(min-width: 2200px) 100vw, (min-width: 824px) 387px, (min-width: 732px) 580px, (min-width: 640px) 732px, \" \/><\/a><\/div><\/div><div style=\"padding:5px;\" class=\"fusion-grid-column fusion-gallery-column fusion-gallery-column-3 hover-type-none\"><div class=\"fusion-gallery-image\"><a href=\"https:\/\/iecontract.es\/web\/wp-content\/uploads\/2020\/03\/WhatsApp-Image-2020-03-09-at-22.50.471.jpeg\" rel=\"noreferrer\" data-rel=\"iLightbox[gallery_image_1]\" class=\"fusion-lightbox\"><img src=\"https:\/\/iecontract.es\/web\/wp-content\/uploads\/2020\/03\/WhatsApp-Image-2020-03-09-at-22.50.471.jpeg\" width=\"1920\" height=\"1440\" alt=\"\" title=\"WhatsApp Image 2020-03-09 at 22.50.471\" aria-label=\"WhatsApp Image 2020-03-09 at 22.50.471\" class=\"img-responsive wp-image-1746\" srcset=\"https:\/\/iecontract.es\/web\/wp-content\/uploads\/2020\/03\/WhatsApp-Image-2020-03-09-at-22.50.471-200x150.jpeg 200w, https:\/\/iecontract.es\/web\/wp-content\/uploads\/2020\/03\/WhatsApp-Image-2020-03-09-at-22.50.471-400x300.jpeg 400w, https:\/\/iecontract.es\/web\/wp-content\/uploads\/2020\/03\/WhatsApp-Image-2020-03-09-at-22.50.471-600x450.jpeg 600w, https:\/\/iecontract.es\/web\/wp-content\/uploads\/2020\/03\/WhatsApp-Image-2020-03-09-at-22.50.471-800x600.jpeg 800w, https:\/\/iecontract.es\/web\/wp-content\/uploads\/2020\/03\/WhatsApp-Image-2020-03-09-at-22.50.471-1200x900.jpeg 1200w, https:\/\/iecontract.es\/web\/wp-content\/uploads\/2020\/03\/WhatsApp-Image-2020-03-09-at-22.50.471.jpeg 1920w\" sizes=\"(min-width: 2200px) 100vw, (min-width: 824px) 387px, (min-width: 732px) 580px, (min-width: 640px) 732px, \" \/><\/a><\/div><\/div><div style=\"padding:5px;\" class=\"fusion-grid-column fusion-gallery-column fusion-gallery-column-3 hover-type-none\"><div class=\"fusion-gallery-image\"><a href=\"https:\/\/iecontract.es\/web\/wp-content\/uploads\/2020\/03\/WhatsApp-Image-2020-03-09-at-22.50.473.jpeg\" rel=\"noreferrer\" data-rel=\"iLightbox[gallery_image_1]\" class=\"fusion-lightbox\"><img src=\"https:\/\/iecontract.es\/web\/wp-content\/uploads\/2020\/03\/WhatsApp-Image-2020-03-09-at-22.50.473.jpeg\" width=\"1920\" height=\"1440\" alt=\"\" title=\"WhatsApp Image 2020-03-09 at 22.50.473\" aria-label=\"WhatsApp Image 2020-03-09 at 22.50.473\" class=\"img-responsive wp-image-1748\" srcset=\"https:\/\/iecontract.es\/web\/wp-content\/uploads\/2020\/03\/WhatsApp-Image-2020-03-09-at-22.50.473-200x150.jpeg 200w, https:\/\/iecontract.es\/web\/wp-content\/uploads\/2020\/03\/WhatsApp-Image-2020-03-09-at-22.50.473-400x300.jpeg 400w, https:\/\/iecontract.es\/web\/wp-content\/uploads\/2020\/03\/WhatsApp-Image-2020-03-09-at-22.50.473-600x450.jpeg 600w, https:\/\/iecontract.es\/web\/wp-content\/uploads\/2020\/03\/WhatsApp-Image-2020-03-09-at-22.50.473-800x600.jpeg 800w, https:\/\/iecontract.es\/web\/wp-content\/uploads\/2020\/03\/WhatsApp-Image-2020-03-09-at-22.50.473-1200x900.jpeg 1200w, https:\/\/iecontract.es\/web\/wp-content\/uploads\/2020\/03\/WhatsApp-Image-2020-03-09-at-22.50.473.jpeg 1920w\" sizes=\"(min-width: 2200px) 100vw, (min-width: 824px) 387px, (min-width: 732px) 580px, (min-width: 640px) 732px, \" \/><\/a><\/div><\/div><div class=\"clearfix\"><\/div><\/div><div class=\"fusion-clearfix\"><\/div><\/div><\/div><\/div><\/div>\n","protected":false},"excerpt":{"rendered":"","protected":false},"author":1,"featured_media":0,"parent":0,"menu_order":0,"comment_status":"closed","ping_status":"open","template":"","meta":[],"_links":{"self":[{"href":"https:\/\/iecontract.es\/web\/wp-json\/wp\/v2\/pages\/1725"}],"collection":[{"href":"https:\/\/iecontract.es\/web\/wp-json\/wp\/v2\/pages"}],"about":[{"href":"https:\/\/iecontract.es\/web\/wp-json\/wp\/v2\/types\/page"}],"author":[{"embeddable":true,"href":"https:\/\/iecontract.es\/web\/wp-json\/wp\/v2\/users\/1"}],"replies":[{"embeddable":true,"href":"https:\/\/iecontract.es\/web\/wp-json\/wp\/v2\/comments?post=1725"}],"version-history":[{"count":9,"href":"https:\/\/iecontract.es\/web\/wp-json\/wp\/v2\/pages\/1725\/revisions"}],"predecessor-version":[{"id":1756,"href":"https:\/\/iecontract.es\/web\/wp-json\/wp\/v2\/pages\/1725\/revisions\/1756"}],"wp:attachment":[{"href":"https:\/\/iecontract.es\/web\/wp-json\/wp\/v2\/media?parent=1725"}],"curies":[{"name":"wp","href":"https:\/\/api.w.org\/{rel}","templated":true}]}}